{"id":71,"date":"2022-06-11T22:39:20","date_gmt":"2022-06-11T21:39:20","guid":{"rendered":"https:\/\/safewheels.wordifysites.com\/?page_id=71"},"modified":"2024-02-14T17:48:18","modified_gmt":"2024-02-14T14:48:18","slug":"iletisim","status":"publish","type":"page","link":"https:\/\/ozencotokurtarma.com\/index.php\/iletisim\/","title":{"rendered":"\u0130leti\u015fim"},"content":{"rendered":"<section class=\"gb-container gb-container-1537fc24\">\n<div class=\"gb-container gb-container-e58aed2b\">\n\n<h2 class=\"gb-headline gb-headline-c5003b59 gb-headline-text\">\u0130leti\u015fime Ge\u00e7<\/h2>\n\n\n<div class=\"gb-container gb-container-eacb46a4\">\n\n<span class=\"gb-button gb-button-989d5264\"><span class=\"gb-icon\"><svg xmlns=\"http:\/\/www.w3.org\/2000\/svg\" xml:space=\"preserve\" style=\"enable-background:new 0 0 278.567 278.567\" viewBox=\"0 0 278.567 278.567\"><path d=\"m271.245 212.376-42.426-42.426c-9.747-9.748-25.608-9.747-35.355 0l-5.604 5.604a22.773 22.773 0 0 1-16.21 6.715 22.773 22.773 0 0 1-16.21-6.715l-52.432-52.433a22.773 22.773 0 0 1-6.715-16.21c0-6.124 2.385-11.88 6.715-16.21l5.604-5.604c9.748-9.747 9.748-25.608 0-35.355L66.184 7.316c-9.747-9.748-25.608-9.748-35.355 0-35.842 35.841-41.047 92.195-12.378 133.996C50.52 188.071 90.49 228.04 137.248 260.109a104.985 104.985 0 0 0 59.508 18.452c27.162-.001 54.135-10.476 74.488-30.829 4.722-4.722 7.323-11 7.323-17.678s-2.6-12.956-7.322-17.678zM43.557 20.042c1.322-1.321 3.08-2.049 4.95-2.049s3.628.728 4.95 2.05l42.426 42.426c1.322 1.322 2.05 3.08 2.05 4.95s-.728 3.627-2.05 4.95l-2.525 2.525-52.27-52.27a89.44 89.44 0 0 1 2.469-2.582zm103.872 225.223c-44.923-30.811-83.323-69.211-114.134-114.134-19.572-28.537-20.084-65.246-3.069-93.912l52.046 52.046c-2.603 5.44-3.981 11.437-3.981 17.646 0 10.932 4.257 21.209 11.987 28.938l52.432 52.432c7.73 7.73 18.007 11.987 28.938 11.987 6.209 0 12.206-1.377 17.646-3.981l52.047 52.047c-28.665 17.015-65.374 16.504-93.912-3.069zm111.088-10.262a88.012 88.012 0 0 1-2.581 2.469l-52.27-52.27 2.525-2.525c1.322-1.322 3.08-2.05 4.95-2.05s3.628.728 4.95 2.05l42.426 42.426c2.729 2.729 2.729 7.171 0 9.9z\"><\/path><\/svg><\/span><\/span>\n\n\n<div class=\"gb-container gb-container-d8cf6b83\">\n\n<h3 class=\"gb-headline gb-headline-fd6f5d8d gb-headline-text\">Telefon<\/h3>\n\n\n\n<p class=\"gb-headline gb-headline-743f3387 gb-headline-text\"><a href=\"tel:05059199597\">05059199597<\/a><\/p>\n\n<\/div>\n<\/div>\n\n<div class=\"gb-container gb-container-0a31b6cd\">\n\n<span class=\"gb-button gb-button-e9624d06\"><span class=\"gb-icon\"><svg viewBox=\"0 0 368.666 368.666\" style=\"enable-background:new 0 0 368.666 368.666\" xml:space=\"preserve\" xmlns=\"http:\/\/www.w3.org\/2000\/svg\"><path d=\"M184.333 0C102.01 0 35.036 66.974 35.036 149.297c0 33.969 11.132 65.96 32.193 92.515 27.27 34.383 106.572 116.021 109.934 119.479l7.169 7.375 7.17-7.374c3.364-3.46 82.69-85.116 109.964-119.51 21.042-26.534 32.164-58.514 32.164-92.485C333.63 66.974 266.656 0 184.333 0zm101.462 229.355c-21.956 27.687-80.92 89.278-101.462 110.581-20.54-21.302-79.483-82.875-101.434-110.552-18.228-22.984-27.863-50.677-27.863-80.087C55.036 78.002 113.038 20 184.333 20c71.294 0 129.297 58.002 129.296 129.297 0 29.412-9.625 57.096-27.834 80.058z\"><\/path><path d=\"M184.333 59.265c-48.73 0-88.374 39.644-88.374 88.374s39.645 88.374 88.374 88.374 88.374-39.645 88.374-88.374-39.644-88.374-88.374-88.374zm0 156.748c-37.702 0-68.374-30.673-68.374-68.374 0-37.702 30.673-68.374 68.374-68.374s68.373 30.673 68.374 68.374c0 37.702-30.672 68.374-68.374 68.374z\"><\/path><\/svg><\/span><\/span>\n\n\n<div class=\"gb-container gb-container-25a02a25\">\n\n<h3 class=\"gb-headline gb-headline-eec48bfe gb-headline-text\">Loaksyonumuz<\/h3>\n\n\n\n<p class=\"gb-headline gb-headline-ea38b2da gb-headline-text\">Bursa,Mudanya<\/p>\n\n<\/div>\n<\/div>\n\n\n<h2 class=\"gb-headline gb-headline-60b49352 gb-headline-text\"><\/h2>\n\n<\/div>\n<\/section>","protected":false},"excerpt":{"rendered":"<p>\u0130leti\u015fime Ge\u00e7 Telefon 05059199597 Loaksyonumuz Bursa,Mudanya<\/p>\n","protected":false},"author":1,"featured_media":365,"parent":0,"menu_order":0,"comment_status":"closed","ping_status":"closed","template":"","meta":{"footnotes":""},"class_list":["post-71","page","type-page","status-publish","has-post-thumbnail"],"yoast_head":"<!-- This site is optimized with the Yoast SEO plugin v23.1 - https:\/\/yoast.com\/wordpress\/plugins\/seo\/ -->\n<title>\u0130leti\u015fim - MUDANYA \u00d6ZEN\u00c7 OTO KURTARMA<\/title>\n<meta name=\"description\" content=\"Arac\u0131n\u0131z\u0131n yolda kald\u0131\u011f\u0131nda yan\u0131n\u0131zday\u0131z! Mudanya \u00d6zen\u00e7 Oto Kurtarma olarak, her t\u00fcrl\u00fc yol yard\u0131m\u0131 ve \u00e7ekici hizmeti sunmak i\u00e7in buraday\u0131z.\" \/>\n<meta name=\"robots\" content=\"index, follow, max-snippet:-1, max-image-preview:large, max-video-preview:-1\" \/>\n<link rel=\"canonical\" href=\"https:\/\/ozencotokurtarma.com\/index.php\/iletisim\/\" \/>\n<meta property=\"og:locale\" content=\"tr_TR\" \/>\n<meta property=\"og:type\" content=\"article\" \/>\n<meta property=\"og:title\" content=\"\u0130leti\u015fim - MUDANYA \u00d6ZEN\u00c7 OTO KURTARMA\" \/>\n<meta property=\"og:description\" content=\"Arac\u0131n\u0131z\u0131n yolda kald\u0131\u011f\u0131nda yan\u0131n\u0131zday\u0131z! Mudanya \u00d6zen\u00e7 Oto Kurtarma olarak, her t\u00fcrl\u00fc yol yard\u0131m\u0131 ve \u00e7ekici hizmeti sunmak i\u00e7in buraday\u0131z.\" \/>\n<meta property=\"og:url\" content=\"https:\/\/ozencotokurtarma.com\/index.php\/iletisim\/\" \/>\n<meta property=\"og:site_name\" content=\"MUDANYA \u00d6ZEN\u00c7 OTO KURTARMA\" \/>\n<meta property=\"article:modified_time\" content=\"2024-02-14T14:48:18+00:00\" \/>\n<meta property=\"og:image\" content=\"https:\/\/ozencotokurtarma.com\/wp-content\/uploads\/2022\/06\/julian-hochgesang-Dkn8-zPIbwo-unsplash.jpg\" \/>\n\t<meta property=\"og:image:width\" content=\"1920\" \/>\n\t<meta property=\"og:image:height\" content=\"1280\" \/>\n\t<meta property=\"og:image:type\" content=\"image\/jpeg\" \/>\n<meta name=\"twitter:card\" content=\"summary_large_image\" \/>\n<meta name=\"twitter:label1\" content=\"Tahmini okuma s\u00fcresi\" \/>\n\t<meta name=\"twitter:data1\" content=\"1 dakika\" \/>\n<script type=\"application\/ld+json\" class=\"yoast-schema-graph\">{\"@context\":\"https:\/\/schema.org\",\"@graph\":[{\"@type\":\"WebPage\",\"@id\":\"https:\/\/ozencotokurtarma.com\/index.php\/iletisim\/\",\"url\":\"https:\/\/ozencotokurtarma.com\/index.php\/iletisim\/\",\"name\":\"\u0130leti\u015fim - MUDANYA \u00d6ZEN\u00c7 OTO KURTARMA\",\"isPartOf\":{\"@id\":\"https:\/\/ozencotokurtarma.com\/#website\"},\"primaryImageOfPage\":{\"@id\":\"https:\/\/ozencotokurtarma.com\/index.php\/iletisim\/#primaryimage\"},\"image\":{\"@id\":\"https:\/\/ozencotokurtarma.com\/index.php\/iletisim\/#primaryimage\"},\"thumbnailUrl\":\"https:\/\/ozencotokurtarma.com\/wp-content\/uploads\/2022\/06\/julian-hochgesang-Dkn8-zPIbwo-unsplash.jpg\",\"datePublished\":\"2022-06-11T21:39:20+00:00\",\"dateModified\":\"2024-02-14T14:48:18+00:00\",\"description\":\"Arac\u0131n\u0131z\u0131n yolda kald\u0131\u011f\u0131nda yan\u0131n\u0131zday\u0131z! Mudanya \u00d6zen\u00e7 Oto Kurtarma olarak, her t\u00fcrl\u00fc yol yard\u0131m\u0131 ve \u00e7ekici hizmeti sunmak i\u00e7in buraday\u0131z.\",\"breadcrumb\":{\"@id\":\"https:\/\/ozencotokurtarma.com\/index.php\/iletisim\/#breadcrumb\"},\"inLanguage\":\"tr\",\"potentialAction\":[{\"@type\":\"ReadAction\",\"target\":[\"https:\/\/ozencotokurtarma.com\/index.php\/iletisim\/\"]}]},{\"@type\":\"ImageObject\",\"inLanguage\":\"tr\",\"@id\":\"https:\/\/ozencotokurtarma.com\/index.php\/iletisim\/#primaryimage\",\"url\":\"https:\/\/ozencotokurtarma.com\/wp-content\/uploads\/2022\/06\/julian-hochgesang-Dkn8-zPIbwo-unsplash.jpg\",\"contentUrl\":\"https:\/\/ozencotokurtarma.com\/wp-content\/uploads\/2022\/06\/julian-hochgesang-Dkn8-zPIbwo-unsplash.jpg\",\"width\":1920,\"height\":1280},{\"@type\":\"BreadcrumbList\",\"@id\":\"https:\/\/ozencotokurtarma.com\/index.php\/iletisim\/#breadcrumb\",\"itemListElement\":[{\"@type\":\"ListItem\",\"position\":1,\"name\":\"Anasayfa\",\"item\":\"https:\/\/ozencotokurtarma.com\/\"},{\"@type\":\"ListItem\",\"position\":2,\"name\":\"\u0130leti\u015fim\"}]},{\"@type\":\"WebSite\",\"@id\":\"https:\/\/ozencotokurtarma.com\/#website\",\"url\":\"https:\/\/ozencotokurtarma.com\/\",\"name\":\"MUDANYA \u00d6ZEN\u00c7 OTO KURTARMA\",\"description\":\"Mudanya Oto Kurtarma\",\"publisher\":{\"@id\":\"https:\/\/ozencotokurtarma.com\/#organization\"},\"potentialAction\":[{\"@type\":\"SearchAction\",\"target\":{\"@type\":\"EntryPoint\",\"urlTemplate\":\"https:\/\/ozencotokurtarma.com\/?s={search_term_string}\"},\"query-input\":\"required name=search_term_string\"}],\"inLanguage\":\"tr\"},{\"@type\":\"Organization\",\"@id\":\"https:\/\/ozencotokurtarma.com\/#organization\",\"name\":\"MUDANYA \u00d6ZEN\u00c7 OTO KURTARMA\",\"url\":\"https:\/\/ozencotokurtarma.com\/\",\"logo\":{\"@type\":\"ImageObject\",\"inLanguage\":\"tr\",\"@id\":\"https:\/\/ozencotokurtarma.com\/#\/schema\/logo\/image\/\",\"url\":\"https:\/\/ozencotokurtarma.com\/wp-content\/uploads\/2024\/02\/oto-logo.png\",\"contentUrl\":\"https:\/\/ozencotokurtarma.com\/wp-content\/uploads\/2024\/02\/oto-logo.png\",\"width\":3000,\"height\":2250,\"caption\":\"MUDANYA \u00d6ZEN\u00c7 OTO KURTARMA\"},\"image\":{\"@id\":\"https:\/\/ozencotokurtarma.com\/#\/schema\/logo\/image\/\"}}]}<\/script>\n<!-- \/ Yoast SEO plugin. -->","yoast_head_json":{"title":"\u0130leti\u015fim - MUDANYA \u00d6ZEN\u00c7 OTO KURTARMA","description":"Arac\u0131n\u0131z\u0131n yolda kald\u0131\u011f\u0131nda yan\u0131n\u0131zday\u0131z! Mudanya \u00d6zen\u00e7 Oto Kurtarma olarak, her t\u00fcrl\u00fc yol yard\u0131m\u0131 ve \u00e7ekici hizmeti sunmak i\u00e7in buraday\u0131z.","robots":{"index":"index","follow":"follow","max-snippet":"max-snippet:-1","max-image-preview":"max-image-preview:large","max-video-preview":"max-video-preview:-1"},"canonical":"https:\/\/ozencotokurtarma.com\/index.php\/iletisim\/","og_locale":"tr_TR","og_type":"article","og_title":"\u0130leti\u015fim - MUDANYA \u00d6ZEN\u00c7 OTO KURTARMA","og_description":"Arac\u0131n\u0131z\u0131n yolda kald\u0131\u011f\u0131nda yan\u0131n\u0131zday\u0131z! Mudanya \u00d6zen\u00e7 Oto Kurtarma olarak, her t\u00fcrl\u00fc yol yard\u0131m\u0131 ve \u00e7ekici hizmeti sunmak i\u00e7in buraday\u0131z.","og_url":"https:\/\/ozencotokurtarma.com\/index.php\/iletisim\/","og_site_name":"MUDANYA \u00d6ZEN\u00c7 OTO KURTARMA","article_modified_time":"2024-02-14T14:48:18+00:00","og_image":[{"width":1920,"height":1280,"url":"https:\/\/ozencotokurtarma.com\/wp-content\/uploads\/2022\/06\/julian-hochgesang-Dkn8-zPIbwo-unsplash.jpg","type":"image\/jpeg"}],"twitter_card":"summary_large_image","twitter_misc":{"Tahmini okuma s\u00fcresi":"1 dakika"},"schema":{"@context":"https:\/\/schema.org","@graph":[{"@type":"WebPage","@id":"https:\/\/ozencotokurtarma.com\/index.php\/iletisim\/","url":"https:\/\/ozencotokurtarma.com\/index.php\/iletisim\/","name":"\u0130leti\u015fim - MUDANYA \u00d6ZEN\u00c7 OTO KURTARMA","isPartOf":{"@id":"https:\/\/ozencotokurtarma.com\/#website"},"primaryImageOfPage":{"@id":"https:\/\/ozencotokurtarma.com\/index.php\/iletisim\/#primaryimage"},"image":{"@id":"https:\/\/ozencotokurtarma.com\/index.php\/iletisim\/#primaryimage"},"thumbnailUrl":"https:\/\/ozencotokurtarma.com\/wp-content\/uploads\/2022\/06\/julian-hochgesang-Dkn8-zPIbwo-unsplash.jpg","datePublished":"2022-06-11T21:39:20+00:00","dateModified":"2024-02-14T14:48:18+00:00","description":"Arac\u0131n\u0131z\u0131n yolda kald\u0131\u011f\u0131nda yan\u0131n\u0131zday\u0131z! Mudanya \u00d6zen\u00e7 Oto Kurtarma olarak, her t\u00fcrl\u00fc yol yard\u0131m\u0131 ve \u00e7ekici hizmeti sunmak i\u00e7in buraday\u0131z.","breadcrumb":{"@id":"https:\/\/ozencotokurtarma.com\/index.php\/iletisim\/#breadcrumb"},"inLanguage":"tr","potentialAction":[{"@type":"ReadAction","target":["https:\/\/ozencotokurtarma.com\/index.php\/iletisim\/"]}]},{"@type":"ImageObject","inLanguage":"tr","@id":"https:\/\/ozencotokurtarma.com\/index.php\/iletisim\/#primaryimage","url":"https:\/\/ozencotokurtarma.com\/wp-content\/uploads\/2022\/06\/julian-hochgesang-Dkn8-zPIbwo-unsplash.jpg","contentUrl":"https:\/\/ozencotokurtarma.com\/wp-content\/uploads\/2022\/06\/julian-hochgesang-Dkn8-zPIbwo-unsplash.jpg","width":1920,"height":1280},{"@type":"BreadcrumbList","@id":"https:\/\/ozencotokurtarma.com\/index.php\/iletisim\/#breadcrumb","itemListElement":[{"@type":"ListItem","position":1,"name":"Anasayfa","item":"https:\/\/ozencotokurtarma.com\/"},{"@type":"ListItem","position":2,"name":"\u0130leti\u015fim"}]},{"@type":"WebSite","@id":"https:\/\/ozencotokurtarma.com\/#website","url":"https:\/\/ozencotokurtarma.com\/","name":"MUDANYA \u00d6ZEN\u00c7 OTO KURTARMA","description":"Mudanya Oto Kurtarma","publisher":{"@id":"https:\/\/ozencotokurtarma.com\/#organization"},"potentialAction":[{"@type":"SearchAction","target":{"@type":"EntryPoint","urlTemplate":"https:\/\/ozencotokurtarma.com\/?s={search_term_string}"},"query-input":"required name=search_term_string"}],"inLanguage":"tr"},{"@type":"Organization","@id":"https:\/\/ozencotokurtarma.com\/#organization","name":"MUDANYA \u00d6ZEN\u00c7 OTO KURTARMA","url":"https:\/\/ozencotokurtarma.com\/","logo":{"@type":"ImageObject","inLanguage":"tr","@id":"https:\/\/ozencotokurtarma.com\/#\/schema\/logo\/image\/","url":"https:\/\/ozencotokurtarma.com\/wp-content\/uploads\/2024\/02\/oto-logo.png","contentUrl":"https:\/\/ozencotokurtarma.com\/wp-content\/uploads\/2024\/02\/oto-logo.png","width":3000,"height":2250,"caption":"MUDANYA \u00d6ZEN\u00c7 OTO KURTARMA"},"image":{"@id":"https:\/\/ozencotokurtarma.com\/#\/schema\/logo\/image\/"}}]}},"_links":{"self":[{"href":"https:\/\/ozencotokurtarma.com\/index.php\/wp-json\/wp\/v2\/pages\/71","targetHints":{"allow":["GET"]}}],"collection":[{"href":"https:\/\/ozencotokurtarma.com\/index.php\/wp-json\/wp\/v2\/pages"}],"about":[{"href":"https:\/\/ozencotokurtarma.com\/index.php\/wp-json\/wp\/v2\/types\/page"}],"author":[{"embeddable":true,"href":"https:\/\/ozencotokurtarma.com\/index.php\/wp-json\/wp\/v2\/users\/1"}],"replies":[{"embeddable":true,"href":"https:\/\/ozencotokurtarma.com\/index.php\/wp-json\/wp\/v2\/comments?post=71"}],"version-history":[{"count":2,"href":"https:\/\/ozencotokurtarma.com\/index.php\/wp-json\/wp\/v2\/pages\/71\/revisions"}],"predecessor-version":[{"id":1389,"href":"https:\/\/ozencotokurtarma.com\/index.php\/wp-json\/wp\/v2\/pages\/71\/revisions\/1389"}],"wp:featuredmedia":[{"embeddable":true,"href":"https:\/\/ozencotokurtarma.com\/index.php\/wp-json\/wp\/v2\/media\/365"}],"wp:attachment":[{"href":"https:\/\/ozencotokurtarma.com\/index.php\/wp-json\/wp\/v2\/media?parent=71"}],"curies":[{"name":"wp","href":"https:\/\/api.w.org\/{rel}","templated":true}]}}